{"id":1544,"date":"2018-05-29T08:58:49","date_gmt":"2018-05-29T08:58:49","guid":{"rendered":"http:\/\/mainardicarservice.com\/?page_id=1544"},"modified":"2018-05-29T08:59:36","modified_gmt":"2018-05-29T08:59:36","slug":"privacy-policy","status":"publish","type":"page","link":"https:\/\/mainardicarservice.com\/index.php\/privacy-policy\/","title":{"rendered":"Privacy Policy"},"content":{"rendered":"<h3><b>INFORMATIVA PER IL TRATTAMENTO DI DATI PERSONALI AI SENSI DELL\u2019ART.13 REGOLAMENTO EUROPEO N. 679\/2016<\/b><\/h3>\n<ol>\n<li><strong>TITOLARE\u00a0<\/strong><strong>DEL TRATTAMENTO<\/strong>:<br \/>\nMainardi Car Service di Amadio &amp; Vespignani snc , con sede in Coriano (RN), Via Cesare Pavese, 26, informa ai sensi dell\u2019art. 13 D.Lgs. n. 196\/2003 (di seguito \u201cCodice\u00a0Privacy\u201d) e dell\u2019art. 13 Regolamento UE n. 2016\/679 (di seguito \u201cGDPR\u201d) che i dati personali saranno trattati con le modalit\u00e0 e per le finalit\u00e0 di seguito specificate.<\/li>\n<li><b>FINALIT\u00c0<\/b><b>\u00a0DEL TRATTAMENTO<\/b>:<br \/>\nI dati personali saranno trattati solo previo specifico e distinto consenso (artt. 23 e 130 Codice Privacy e art. 7 GDPR), per le seguenti finalit\u00e0:<br \/>\n&#8211; Gestione del rapporto con l\u2019interessato (Cliente e\/o potenziale Cliente) in riferimento all&#8217;acquisto di prodotti de I Profumatori e relative operazioni di trattamento connesse (consegna, fatturazione, etc)<br \/>\n&#8211;\u00a0Rispondere alle richieste di informazioni inviate da pagine di contatto.<br \/>\n<strong>L&#8217;eventuale rifiuto di comunicare tali dati personali non comporta alcuna conseguenza, salvo l&#8217;impossibilit\u00e0 di poter usufruire dei servizi (o parte di essi) descritti offerti da I Profumatori.<\/strong><\/li>\n<li><strong>TEMPI DI CONSERVAZIONE DEI DATI<\/strong><br \/>\nI dati saranno conservati per il tempo necessario all\u2019esecuzione\/gestione del rapporto con il Cliente, ivi comprese esigenze di esecuzione della garanzia e\/o eventuali campagne di \u201crichiamo\/aggiornamento\u201d del prodotto, secondo quanto previsto dalle disposizioni vigenti, nonch\u00e9,\u00a0limitatamente alle finalit\u00e0 di marketing diretto ed indiretto per un periodo coerente con le finalit\u00e0 e le dinamiche commerciali connesse alla natura stessa del prodotto.<\/li>\n<li><strong>NATURA DEL CONFERIMENTO<\/strong><br \/>\nIl conferimento dei dati \u00e8 libero, ma il rifiuto di conferire alcuni dati potrebbe non rendere possibile l\u2019espletamento delle prestazioni afferenti il rapporto con il\u00a0Cliente.<br \/>\nIl consenso per le finalit\u00e0 di marketing in ogni caso potr\u00e0 esser negato senza che ci\u00f2 comporti alcun onere o danno all\u2019interessato in relazione alla sua posizione nei confronti del Titolare.<\/li>\n<li><strong>TIPOLOGIA DI DATI TRATTATI<\/strong><br \/>\nDati anagrafici, dati commerciali limitatamente alle\u00a0finalit\u00e0 di marketing.<\/li>\n<li><strong>MODALIT\u00c0 DI TRATTAMENTO<\/strong><br \/>\nIl trattamento dei dati potr\u00e0 essere effettuato\u00a0sia con mezzi manuali che con mezzi informatici. Sar\u00e0 inoltre\u00a0possibile che il trattamento venga effettuato tramite strumenti\u00a0automatizzati, in relazione a tale specifica modalit\u00e0 di\u00a0trattamento, l\u2019interessato potr\u00e0 richiedere di non essere\u00a0sottoposto a decisioni che derivino dalla stessa con le medesime\u00a0modalit\u00e0 indicate per l\u2019esercizio della generalit\u00e0 dei suoi\u00a0diritti (punto 8).<\/li>\n<li><strong>AMBITO DI DIFFUSIONE DEI DATI<\/strong><br \/>\nI dati potranno circolare all\u2019interno\u00a0della societ\u00e0 Titolare nei limiti di quanto necessario per il perseguimento delle finalit\u00e0 sopra indicate e comunque nel rispetto delle misure di sicurezza necessarie ad evitare fenomeni di perdita\u00a0o fuoriuscita del dato.<br \/>\nI dati non saranno diffusi in altro modo.<\/li>\n<li><strong>DIRITTI DELL\u2019INTERESSATO<\/strong><br \/>\nIn qualunque momento l\u2019interessato potr\u00e0 esercitare i diritti di cui agli articoli 15 e seguenti del Regolamento Europeo n. 679\/2016 e precisamente: il diritto di sapere se i propri dati personali siano oggetto di trattamento e quindi di conoscerne il contenuto e l\u2019origine, di verificarne l\u2019esattezza o chiederne l\u2019integrazione, la cancellazione, la limitazione, \u00a0l\u2019aggiornamento, la rettifica, la trasformazione in forma anonima o il blocco, nonch\u00e9 il diritto di opporsi in ogni caso, per motivi\u00a0legittimi, al loro trattamento e di proporre reclamo al Garante per la protezione dei dati personali.<br \/>\nIl consenso prestato al trattamento potr\u00e0 essere revocato in qualsiasi momento determinando\u00a0l\u2019interruzione del trattamento.<br \/>\nTali diritti potranno essere esercitati nei confronti del Titolare come sopra individuato inviando un\u2019email all&#8217;indirizzo: <a href=\"mailto:privacy@ess-comapny.com\">privacy@mainardi.com<\/a><\/li>\n<li><strong>Data revisione: 24\/05\/2018<\/strong><\/li>\n<\/ol>\n","protected":false},"excerpt":{"rendered":"<p>INFORMATIVA PER IL TRATTAMENTO DI DATI PERSONALI AI SENSI DELL\u2019ART.13 REGOLAMENTO EUROPEO N. 679\/2016 TITOLARE\u00a0DEL TRATTAMENTO: Mainardi Car Service di Amadio &amp; Vespignani snc , con sede in Coriano (RN), Via Cesare Pavese, 26, informa ai sensi dell\u2019art. 13 D.Lgs. n. 196\/2003 (di seguito \u201cCodice\u00a0Privacy\u201d) e dell\u2019art. 13 Regolamento UE n. 2016\/679 (di seguito \u201cGDPR\u201d)<\/p>\n","protected":false},"author":1,"featured_media":0,"parent":0,"menu_order":0,"comment_status":"closed","ping_status":"closed","template":"","meta":{"footnotes":""},"class_list":["post-1544","page","type-page","status-publish","hentry"],"_links":{"self":[{"href":"https:\/\/mainardicarservice.com\/index.php\/wp-json\/wp\/v2\/pages\/1544","targetHints":{"allow":["GET"]}}],"collection":[{"href":"https:\/\/mainardicarservice.com\/index.php\/wp-json\/wp\/v2\/pages"}],"about":[{"href":"https:\/\/mainardicarservice.com\/index.php\/wp-json\/wp\/v2\/types\/page"}],"author":[{"embeddable":true,"href":"https:\/\/mainardicarservice.com\/index.php\/wp-json\/wp\/v2\/users\/1"}],"replies":[{"embeddable":true,"href":"https:\/\/mainardicarservice.com\/index.php\/wp-json\/wp\/v2\/comments?post=1544"}],"version-history":[{"count":1,"href":"https:\/\/mainardicarservice.com\/index.php\/wp-json\/wp\/v2\/pages\/1544\/revisions"}],"predecessor-version":[{"id":1545,"href":"https:\/\/mainardicarservice.com\/index.php\/wp-json\/wp\/v2\/pages\/1544\/revisions\/1545"}],"wp:attachment":[{"href":"https:\/\/mainardicarservice.com\/index.php\/wp-json\/wp\/v2\/media?parent=1544"}],"curies":[{"name":"wp","href":"https:\/\/api.w.org\/{rel}","templated":true}]}}