{"id":1450,"date":"2016-10-10T15:50:10","date_gmt":"2016-10-10T15:50:10","guid":{"rendered":"http:\/\/mainardicarservice.com\/?page_id=1450"},"modified":"2016-10-20T07:39:14","modified_gmt":"2016-10-20T07:39:14","slug":"officina","status":"publish","type":"page","link":"https:\/\/mainardicarservice.com\/index.php\/officina\/","title":{"rendered":"Officina"},"content":{"rendered":"<p><img loading=\"lazy\" decoding=\"async\" class=\"alignnone size-medium wp-image-1452\" src=\"https:\/\/mainardicarservice.com\/wp-content\/uploads\/2016\/10\/Officina1-300x200.jpg\" alt=\"officina1\" width=\"300\" height=\"200\" srcset=\"https:\/\/mainardicarservice.com\/wp-content\/uploads\/2016\/10\/Officina1-300x200.jpg 300w, https:\/\/mainardicarservice.com\/wp-content\/uploads\/2016\/10\/Officina1-768x512.jpg 768w, https:\/\/mainardicarservice.com\/wp-content\/uploads\/2016\/10\/Officina1-1024x682.jpg 1024w, https:\/\/mainardicarservice.com\/wp-content\/uploads\/2016\/10\/Officina1-870x580.jpg 870w, https:\/\/mainardicarservice.com\/wp-content\/uploads\/2016\/10\/Officina1-570x380.jpg 570w, https:\/\/mainardicarservice.com\/wp-content\/uploads\/2016\/10\/Officina1-480x320.jpg 480w, https:\/\/mainardicarservice.com\/wp-content\/uploads\/2016\/10\/Officina1-390x260.jpg 390w, https:\/\/mainardicarservice.com\/wp-content\/uploads\/2016\/10\/Officina1-270x180.jpg 270w, https:\/\/mainardicarservice.com\/wp-content\/uploads\/2016\/10\/Officina1.jpg 1100w\" sizes=\"auto, (max-width: 300px) 100vw, 300px\" \/><img loading=\"lazy\" decoding=\"async\" class=\"alignnone wp-image-1453\" src=\"https:\/\/mainardicarservice.com\/wp-content\/uploads\/2016\/10\/Officina2-300x257.png\" alt=\"officina2\" width=\"236\" height=\"202\" srcset=\"https:\/\/mainardicarservice.com\/wp-content\/uploads\/2016\/10\/Officina2-300x257.png 300w, https:\/\/mainardicarservice.com\/wp-content\/uploads\/2016\/10\/Officina2.png 589w\" sizes=\"auto, (max-width: 236px) 100vw, 236px\" \/><img loading=\"lazy\" decoding=\"async\" class=\"alignnone size-medium wp-image-1482\" src=\"https:\/\/mainardicarservice.com\/wp-content\/uploads\/2015\/05\/officina-300x200.jpg\" alt=\"officina\" width=\"300\" height=\"200\" srcset=\"https:\/\/mainardicarservice.com\/wp-content\/uploads\/2015\/05\/officina-300x200.jpg 300w, https:\/\/mainardicarservice.com\/wp-content\/uploads\/2015\/05\/officina-768x512.jpg 768w, https:\/\/mainardicarservice.com\/wp-content\/uploads\/2015\/05\/officina-1024x682.jpg 1024w, https:\/\/mainardicarservice.com\/wp-content\/uploads\/2015\/05\/officina-870x580.jpg 870w, https:\/\/mainardicarservice.com\/wp-content\/uploads\/2015\/05\/officina-570x380.jpg 570w, https:\/\/mainardicarservice.com\/wp-content\/uploads\/2015\/05\/officina-480x320.jpg 480w, https:\/\/mainardicarservice.com\/wp-content\/uploads\/2015\/05\/officina-390x260.jpg 390w, https:\/\/mainardicarservice.com\/wp-content\/uploads\/2015\/05\/officina-270x180.jpg 270w, https:\/\/mainardicarservice.com\/wp-content\/uploads\/2015\/05\/officina.jpg 1100w\" sizes=\"auto, (max-width: 300px) 100vw, 300px\" \/><\/p>\n<p><strong>Mainardi Car Service<\/strong> si occupa di meccanica frequente e periodica dell\u2019auto e di tutte le riparazioni necessarie per la sicurezza su strada e per allungare la vita della vostra vettura.<\/p>\n<p>Ci avvaliamo di strumenti di diagnosi per le vetture di tutte le marche.<\/p>\n<p>Per noi \u00e8 importante seguire tutti i clienti individualmente ed offrire un servizio di qualit\u00e0, professionalit\u00e0 e cortesia.<\/p>\n<p>&nbsp;<\/p>\n","protected":false},"excerpt":{"rendered":"<p>Mainardi Car Service si occupa di meccanica frequente e periodica dell\u2019auto e di tutte le riparazioni necessarie per la sicurezza su strada e per allungare la vita della vostra vettura. Ci avvaliamo di strumenti di diagnosi per le vetture di tutte le marche. Per noi \u00e8 importante seguire tutti i clienti individualmente ed offrire un<\/p>\n","protected":false},"author":1,"featured_media":0,"parent":0,"menu_order":0,"comment_status":"closed","ping_status":"closed","template":"","meta":{"footnotes":""},"class_list":["post-1450","page","type-page","status-publish","hentry"],"_links":{"self":[{"href":"https:\/\/mainardicarservice.com\/index.php\/wp-json\/wp\/v2\/pages\/1450","targetHints":{"allow":["GET"]}}],"collection":[{"href":"https:\/\/mainardicarservice.com\/index.php\/wp-json\/wp\/v2\/pages"}],"about":[{"href":"https:\/\/mainardicarservice.com\/index.php\/wp-json\/wp\/v2\/types\/page"}],"author":[{"embeddable":true,"href":"https:\/\/mainardicarservice.com\/index.php\/wp-json\/wp\/v2\/users\/1"}],"replies":[{"embeddable":true,"href":"https:\/\/mainardicarservice.com\/index.php\/wp-json\/wp\/v2\/comments?post=1450"}],"version-history":[{"count":2,"href":"https:\/\/mainardicarservice.com\/index.php\/wp-json\/wp\/v2\/pages\/1450\/revisions"}],"predecessor-version":[{"id":1488,"href":"https:\/\/mainardicarservice.com\/index.php\/wp-json\/wp\/v2\/pages\/1450\/revisions\/1488"}],"wp:attachment":[{"href":"https:\/\/mainardicarservice.com\/index.php\/wp-json\/wp\/v2\/media?parent=1450"}],"curies":[{"name":"wp","href":"https:\/\/api.w.org\/{rel}","templated":true}]}}