{"id":1125,"date":"2015-05-08T13:22:48","date_gmt":"2015-05-08T13:22:48","guid":{"rendered":"http:\/\/quanticalabs.com\/wptest\/carservice\/?page_id=4"},"modified":"2022-09-29T08:09:50","modified_gmt":"2022-09-29T08:09:50","slug":"home","status":"publish","type":"page","link":"https:\/\/mainardicarservice.com\/","title":{"rendered":"HOME"},"content":{"rendered":"<p>[vc_row type=&#8221;full-width&#8221;][vc_column][rev_slider_vc alias=&#8221;main&#8221;][vc_column_text]<span style=\"color: #ffffff;\">testo trasparente<\/span>[\/vc_column_text][\/vc_column][\/vc_row][vc_row type=&#8221;full-width&#8221; css=&#8221;.vc_custom_1439892689981{background-color: #f5f5f5 !important;}&#8221;][vc_column][vc_single_image image=&#8221;1569&#8243; img_size=&#8221;1000X100&#8243; alignment=&#8221;center&#8221;][\/vc_column][\/vc_row][vc_row top_margin=&#8221;page-margin-top-section&#8221;][vc_column][box_header title=&#8221;CAR SERVICE&#8221; type=&#8221;h2&#8243; bottom_border=&#8221;1&#8243;][\/vc_column][\/vc_row][vc_row type=&#8221;full-width&#8221; top_margin=&#8221;page-margin-top-section&#8221;][vc_column][vc_gallery type=&#8221;image_grid&#8221; images=&#8221;1276,1403,1405,1290&#8243; img_size=&#8221;600&#215;250&#8243; onclick=&#8221;&#8221;][\/vc_column][\/vc_row][vc_row top_margin=&#8221;page-margin-top-section&#8221;][vc_column][vc_column_text]<span style=\"color: #ffffff;\">riga bianca<\/span>[\/vc_column_text][vc_column_text]<\/p>\n<h4 style=\"text-align: center;\"><span style=\"color: #3366ff;\">DOVE SIAMO (MAPPA DI GOOGLE)<\/span><\/h4>\n<p>[\/vc_column_text][vc_column_text]<iframe loading=\"lazy\" style=\"border: 0;\" src=\"https:\/\/www.google.com\/maps\/embed?pb=!1m14!1m8!1m3!1d11481.89527926592!2d12.52513!3d43.99093!3m2!1i1024!2i768!4f13.1!3m3!1m2!1s0x0%3A0xc9560085df44d8e3!2sCarrozzeria+Mainardi+Mario+%26+C.+S.N.C.!5e0!3m2!1sit!2sit!4v1475654296178\" width=\"1160\" height=\"300\" frameborder=\"0\" allowfullscreen=\"allowfullscreen\"><\/iframe>[\/vc_column_text][vc_row_inner top_margin=&#8221;page-margin-top-section&#8221;][vc_column_inner css=&#8221;.vc_custom_1474566313946{background-color: #dddddd !important;}&#8221;][featured_item]<img loading=\"lazy\" decoding=\"async\" class=\"alignnone size-full wp-image-1407\" src=\"https:\/\/mainardicarservice.com\/wp-content\/uploads\/2015\/05\/LOGO-Carrozzeria-4.png\" alt=\"logo-carrozzeria\" width=\"180\" height=\"143\" \/><img loading=\"lazy\" decoding=\"async\" class=\"alignnone size-medium wp-image-1369\" src=\"https:\/\/mainardicarservice.com\/wp-content\/uploads\/2015\/05\/Auto-300x200.png\" alt=\"auto\" width=\"300\" height=\"200\" srcset=\"https:\/\/mainardicarservice.com\/wp-content\/uploads\/2015\/05\/Auto-300x200.png 300w, https:\/\/mainardicarservice.com\/wp-content\/uploads\/2015\/05\/Auto-768x512.png 768w, https:\/\/mainardicarservice.com\/wp-content\/uploads\/2015\/05\/Auto-1024x683.png 1024w, https:\/\/mainardicarservice.com\/wp-content\/uploads\/2015\/05\/Auto-870x580.png 870w, https:\/\/mainardicarservice.com\/wp-content\/uploads\/2015\/05\/Auto-570x380.png 570w, https:\/\/mainardicarservice.com\/wp-content\/uploads\/2015\/05\/Auto-480x320.png 480w, https:\/\/mainardicarservice.com\/wp-content\/uploads\/2015\/05\/Auto-390x260.png 390w, https:\/\/mainardicarservice.com\/wp-content\/uploads\/2015\/05\/Auto-270x180.png 270w, https:\/\/mainardicarservice.com\/wp-content\/uploads\/2015\/05\/Auto.png 1200w\" sizes=\"auto, (max-width: 300px) 100vw, 300px\" \/><img loading=\"lazy\" decoding=\"async\" class=\"alignnone size-medium wp-image-1415\" src=\"https:\/\/mainardicarservice.com\/wp-content\/uploads\/2015\/05\/Vittigliano-300x200.png\" alt=\"vittigliano\" width=\"300\" height=\"200\" srcset=\"https:\/\/mainardicarservice.com\/wp-content\/uploads\/2015\/05\/Vittigliano-300x200.png 300w, https:\/\/mainardicarservice.com\/wp-content\/uploads\/2015\/05\/Vittigliano-768x512.png 768w, https:\/\/mainardicarservice.com\/wp-content\/uploads\/2015\/05\/Vittigliano-1024x683.png 1024w, https:\/\/mainardicarservice.com\/wp-content\/uploads\/2015\/05\/Vittigliano-870x580.png 870w, https:\/\/mainardicarservice.com\/wp-content\/uploads\/2015\/05\/Vittigliano-570x380.png 570w, https:\/\/mainardicarservice.com\/wp-content\/uploads\/2015\/05\/Vittigliano-480x320.png 480w, https:\/\/mainardicarservice.com\/wp-content\/uploads\/2015\/05\/Vittigliano-390x260.png 390w, https:\/\/mainardicarservice.com\/wp-content\/uploads\/2015\/05\/Vittigliano-270x180.png 270w, https:\/\/mainardicarservice.com\/wp-content\/uploads\/2015\/05\/Vittigliano.png 1200w\" sizes=\"auto, (max-width: 300px) 100vw, 300px\" \/><\/p>\n<p><span style=\"font-family: 'Liberation Serif', serif;\"><span style=\"font-size: medium;\"><span style=\"color: #000000;\"><strong>Mainardi Car Service<\/strong> garantisce riparazioni e interventi di assoluta qualit\u00e0 e tempestivit\u00e0, oltre a fornire servizi che coprono tutte le esigenze dei clienti.<\/span><\/span><\/span><\/p>\n<p><span style=\"color: #000000;\"><span style=\"font-family: 'Liberation Serif', serif;\"><span style=\"font-size: medium;\">Mainardi Car Serivice <\/span><\/span><\/span><span style=\"color: #000000;\"><span style=\"font-family: 'Liberation Serif', serif;\"><span style=\"font-size: medium;\">esegue <\/span><\/span><\/span><span style=\"color: #000000;\"><span style=\"font-family: 'Liberation Serif', serif;\"><span style=\"font-size: medium;\"><b><strong>verniciature a forno<\/strong><\/b><\/span><\/span><\/span> <span style=\"color: #000000;\"><span style=\"font-family: 'Liberation Serif', serif;\"><span style=\"font-size: medium;\">con vernici ad acqua che garantiscono il rispetto dell&#8217;ambiente. E&#8217; dotata di attrezzature con tecnologia avanzata che rendono ogni lavorazione precisa e che garantiscono la massima soddisfazione del cliente.<\/span><\/span><\/span><\/p>\n<p><img loading=\"lazy\" decoding=\"async\" class=\" wp-image-1473 alignleft\" src=\"https:\/\/mainardicarservice.com\/wp-content\/uploads\/2015\/05\/black-300x155.jpg\" alt=\"black\" width=\"321\" height=\"166\" srcset=\"https:\/\/mainardicarservice.com\/wp-content\/uploads\/2015\/05\/black-300x155.jpg 300w, https:\/\/mainardicarservice.com\/wp-content\/uploads\/2015\/05\/black-768x396.jpg 768w, https:\/\/mainardicarservice.com\/wp-content\/uploads\/2015\/05\/black-1024x528.jpg 1024w, https:\/\/mainardicarservice.com\/wp-content\/uploads\/2015\/05\/black.jpg 1099w\" sizes=\"auto, (max-width: 321px) 100vw, 321px\" \/><img loading=\"lazy\" decoding=\"async\" class=\"size-medium wp-image-1474 alignleft\" src=\"https:\/\/mainardicarservice.com\/wp-content\/uploads\/2015\/05\/Stefano-300x168.jpg\" alt=\"stefano\" width=\"300\" height=\"168\" srcset=\"https:\/\/mainardicarservice.com\/wp-content\/uploads\/2015\/05\/Stefano-300x168.jpg 300w, https:\/\/mainardicarservice.com\/wp-content\/uploads\/2015\/05\/Stefano-768x431.jpg 768w, https:\/\/mainardicarservice.com\/wp-content\/uploads\/2015\/05\/Stefano-1024x575.jpg 1024w, https:\/\/mainardicarservice.com\/wp-content\/uploads\/2015\/05\/Stefano.jpg 1095w\" sizes=\"auto, (max-width: 300px) 100vw, 300px\" \/><\/p>\n<p><span style=\"font-family: 'Liberation Serif', serif; color: #000000;\"><span style=\"font-size: large;\">B<span style=\"font-family: 'Liberation Serif', serif;\">anco di Misurazione Universale <strong>Blackhawk.<\/strong><\/span><\/span><\/span><\/p>\n<p><span style=\"font-family: 'Liberation Serif', serif; color: #000000;\"><span style=\"font-size: large;\">Il sistema di misurazione della scocca di Blackhawk, ci permette di diagnosticare i danni prima della riparazione e di certificare, a lavoro ultimato, la riparazione.<\/span><\/span>[\/featured_item][featured_item]<img loading=\"lazy\" decoding=\"async\" class=\"alignnone size-full wp-image-1361\" src=\"https:\/\/mainardicarservice.com\/wp-content\/uploads\/2015\/05\/LOGO-Officina-1.png\" alt=\"\" width=\"180\" height=\"142\" \/><img loading=\"lazy\" decoding=\"async\" class=\"alignnone wp-image-1482\" src=\"https:\/\/mainardicarservice.com\/wp-content\/uploads\/2015\/05\/officina-300x200.jpg\" alt=\"officina\" width=\"279\" height=\"186\" srcset=\"https:\/\/mainardicarservice.com\/wp-content\/uploads\/2015\/05\/officina-300x200.jpg 300w, https:\/\/mainardicarservice.com\/wp-content\/uploads\/2015\/05\/officina-768x512.jpg 768w, https:\/\/mainardicarservice.com\/wp-content\/uploads\/2015\/05\/officina-1024x682.jpg 1024w, https:\/\/mainardicarservice.com\/wp-content\/uploads\/2015\/05\/officina-870x580.jpg 870w, https:\/\/mainardicarservice.com\/wp-content\/uploads\/2015\/05\/officina-570x380.jpg 570w, https:\/\/mainardicarservice.com\/wp-content\/uploads\/2015\/05\/officina-480x320.jpg 480w, https:\/\/mainardicarservice.com\/wp-content\/uploads\/2015\/05\/officina-390x260.jpg 390w, https:\/\/mainardicarservice.com\/wp-content\/uploads\/2015\/05\/officina-270x180.jpg 270w, https:\/\/mainardicarservice.com\/wp-content\/uploads\/2015\/05\/officina.jpg 1100w\" sizes=\"auto, (max-width: 279px) 100vw, 279px\" \/><img loading=\"lazy\" decoding=\"async\" class=\"alignnone wp-image-1418\" src=\"https:\/\/mainardicarservice.com\/wp-content\/uploads\/2015\/05\/Paolo-300x159.png\" alt=\"paolo\" width=\"347\" height=\"184\" srcset=\"https:\/\/mainardicarservice.com\/wp-content\/uploads\/2015\/05\/Paolo-300x159.png 300w, https:\/\/mainardicarservice.com\/wp-content\/uploads\/2015\/05\/Paolo-768x408.png 768w, https:\/\/mainardicarservice.com\/wp-content\/uploads\/2015\/05\/Paolo-1024x544.png 1024w, https:\/\/mainardicarservice.com\/wp-content\/uploads\/2015\/05\/Paolo.png 1087w\" sizes=\"auto, (max-width: 347px) 100vw, 347px\" \/><\/p>\n<p><span style=\"color: #222222;\"><span style=\"font-family: Arial, sans-serif;\"><span style=\"font-size: medium;\"><strong>Mainardi Car Service<\/strong> si occupa di meccanica frequente e periodica dell&#8217;auto e di tutte le riparazioni necessarie per la sicurezza su strada e per allungare la vita della vostra vettura.<\/span><\/span><\/span><\/p>\n<p><span style=\"color: #222222;\"><span style=\"font-family: Arial, sans-serif;\"><span style=\"font-size: medium;\">Ci avvaliamo di strumenti di diagnosi per le vetture di tutte le marche.<\/span><\/span><\/span><\/p>\n<p><span style=\"color: #333333;\"><span style=\"font-family: Arial, sans-serif;\"><span style=\"font-size: medium;\">Per noi \u00e8 importante seguire tutti i clienti individualmente ed offrire un servizio di qualit\u00e0, professionalit\u00e0 e cortesia.<\/span><\/span><\/span>[\/featured_item][featured_item]<img loading=\"lazy\" decoding=\"async\" class=\"alignnone size-full wp-image-1359\" src=\"https:\/\/mainardicarservice.com\/wp-content\/uploads\/2015\/05\/LOGO-Gommista-1.png\" alt=\"logo-gommista\" width=\"180\" height=\"142\" \/> <img loading=\"lazy\" decoding=\"async\" class=\"alignnone size-medium wp-image-1387\" src=\"https:\/\/mainardicarservice.com\/wp-content\/uploads\/2015\/05\/Gomme1-300x200.png\" alt=\"gomme1\" width=\"300\" height=\"200\" srcset=\"https:\/\/mainardicarservice.com\/wp-content\/uploads\/2015\/05\/Gomme1-300x200.png 300w, https:\/\/mainardicarservice.com\/wp-content\/uploads\/2015\/05\/Gomme1-768x512.png 768w, https:\/\/mainardicarservice.com\/wp-content\/uploads\/2015\/05\/Gomme1-1024x683.png 1024w, https:\/\/mainardicarservice.com\/wp-content\/uploads\/2015\/05\/Gomme1-870x580.png 870w, https:\/\/mainardicarservice.com\/wp-content\/uploads\/2015\/05\/Gomme1-570x380.png 570w, https:\/\/mainardicarservice.com\/wp-content\/uploads\/2015\/05\/Gomme1-480x320.png 480w, https:\/\/mainardicarservice.com\/wp-content\/uploads\/2015\/05\/Gomme1-390x260.png 390w, https:\/\/mainardicarservice.com\/wp-content\/uploads\/2015\/05\/Gomme1-270x180.png 270w, https:\/\/mainardicarservice.com\/wp-content\/uploads\/2015\/05\/Gomme1.png 1200w\" sizes=\"auto, (max-width: 300px) 100vw, 300px\" \/><img loading=\"lazy\" decoding=\"async\" class=\"alignnone size-medium wp-image-1388\" src=\"https:\/\/mainardicarservice.com\/wp-content\/uploads\/2015\/05\/Gomme2-300x204.png\" alt=\"gomme2\" width=\"300\" height=\"204\" srcset=\"https:\/\/mainardicarservice.com\/wp-content\/uploads\/2015\/05\/Gomme2-300x204.png 300w, https:\/\/mainardicarservice.com\/wp-content\/uploads\/2015\/05\/Gomme2-768x522.png 768w, https:\/\/mainardicarservice.com\/wp-content\/uploads\/2015\/05\/Gomme2-1024x696.png 1024w, https:\/\/mainardicarservice.com\/wp-content\/uploads\/2015\/05\/Gomme2.png 1200w\" sizes=\"auto, (max-width: 300px) 100vw, 300px\" \/><\/p>\n<p><span style=\"color: #222222;\"><span style=\"font-family: 'Liberation Serif', serif;\"><span style=\"font-size: medium;\"><span style=\"color: #000000;\"><span style=\"font-family: Arial, sans-serif;\"><strong>Mainardi Car Service<\/strong>\u00a0ha scelto di vendere e consigliare ai nostri clienti forniture di\u00a0<\/span><\/span><strong><span style=\"color: #000000;\"><span style=\"font-family: Arial, sans-serif;\">pneumatici<\/span><\/span><\/strong><span style=\"color: #000000;\"><span style=\"font-family: Arial, sans-serif;\"><strong>\u00a0di prima qualit\u00e0.<\/strong> Questo ci consente oggi di servire i nostri clienti in modo eccellente, affidabile e rapido, ponendo particolare attenzione alle esigenze singole degli acquirenti.<\/span><\/span><\/span><\/span><\/span><\/p>\n<p><span style=\"color: #222222;\"><span style=\"font-family: Arial, sans-serif;\"><span style=\"font-size: medium;\"><span style=\"color: #15212b;\">Riparazione, sostituzione e assistenza pneumatici, controlli dell&#8217;equilibratura e dell&#8217;assetto. <\/span>Mainardi Car Service \u00e8 \u201cAffiliata al network ufficiale R6 Pirelli\u201d, rete leader in italia del settore, eseguiamo tutti i servizi relativi al mondo gomme.<\/span><\/span><\/span>[\/featured_item][featured_item]<img loading=\"lazy\" decoding=\"async\" class=\"alignnone size-full wp-image-1362\" src=\"https:\/\/mainardicarservice.com\/wp-content\/uploads\/2015\/05\/LOGO-SoccorsoStradale-1.png\" alt=\"\" width=\"180\" height=\"116\" \/><img loading=\"lazy\" decoding=\"async\" class=\"alignnone size-full wp-image-1468\" src=\"https:\/\/mainardicarservice.com\/wp-content\/uploads\/2015\/05\/Soccorso-300x200-1.png\" alt=\"soccorso-300x200\" width=\"296\" height=\"169\" \/><img loading=\"lazy\" decoding=\"async\" class=\"alignnone size-medium wp-image-1462\" src=\"https:\/\/mainardicarservice.com\/wp-content\/uploads\/2016\/10\/soccorso-2-300x168.jpg\" alt=\"soccorso-2\" width=\"300\" height=\"168\" srcset=\"https:\/\/mainardicarservice.com\/wp-content\/uploads\/2016\/10\/soccorso-2-300x168.jpg 300w, https:\/\/mainardicarservice.com\/wp-content\/uploads\/2016\/10\/soccorso-2.jpg 768w\" sizes=\"auto, (max-width: 300px) 100vw, 300px\" \/><\/p>\n<p><strong><span style=\"color: #000000;\"><span style=\"font-family: 'Liberation Serif', serif;\"><span style=\"font-size: large;\"><b>Mainardi Car Service <\/b><\/span><\/span><\/span><\/strong><span style=\"color: #000000;\"><span style=\"font-family: 'Liberation Serif', serif;\"><span style=\"font-size: large;\">in caso di incidente stradale o di un guasto improvviso, l\u2019unica soluzione davvero risolutiva \u00e8 rivolgersi ad una carrozzeria con autosoccorso, il cui staff preleva la vettura e provvede alla riparazione. <strong>Mainardi Car Service<\/strong>, fornisce un servizio di assistenza per auto incidentate su tutto il territorio nazionale con <\/span><\/span><\/span><strong><span style=\"color: #000000;\"><span style=\"font-family: 'Liberation Serif', serif;\"><span style=\"font-size: large;\"><b>carro attrezzi di propriet\u00e0.<\/b><\/span><\/span><\/span><\/strong>[\/featured_item][featured_item]<span style=\"color: #000000;\"><span style=\"font-family: Arial, sans-serif;\"><span style=\"font-size: medium;\"><img loading=\"lazy\" decoding=\"async\" class=\"alignnone size-full wp-image-1410\" src=\"https:\/\/mainardicarservice.com\/wp-content\/uploads\/2015\/05\/LOGO-NoleggioAuto-2.png\" alt=\"logo-noleggioauto\" width=\"180\" height=\"164\" \/><img loading=\"lazy\" decoding=\"async\" class=\"alignnone wp-image-1411\" src=\"https:\/\/mainardicarservice.com\/wp-content\/uploads\/2015\/05\/Noleggio1-300x147.png\" alt=\"noleggio1\" width=\"343\" height=\"168\" srcset=\"https:\/\/mainardicarservice.com\/wp-content\/uploads\/2015\/05\/Noleggio1-300x147.png 300w, https:\/\/mainardicarservice.com\/wp-content\/uploads\/2015\/05\/Noleggio1-768x377.png 768w, https:\/\/mainardicarservice.com\/wp-content\/uploads\/2015\/05\/Noleggio1.png 800w\" sizes=\"auto, (max-width: 343px) 100vw, 343px\" \/><img loading=\"lazy\" decoding=\"async\" class=\"alignnone wp-image-1412\" src=\"https:\/\/mainardicarservice.com\/wp-content\/uploads\/2015\/05\/noleggio2-300x145.jpg\" alt=\"noleggio2\" width=\"343\" height=\"166\" srcset=\"https:\/\/mainardicarservice.com\/wp-content\/uploads\/2015\/05\/noleggio2-300x145.jpg 300w, https:\/\/mainardicarservice.com\/wp-content\/uploads\/2015\/05\/noleggio2.jpg 555w\" sizes=\"auto, (max-width: 343px) 100vw, 343px\" \/><\/span><\/span><\/span><\/p>\n<p><span style=\"color: #000000;\"><span style=\"font-family: Arial, sans-serif;\"><span style=\"font-size: medium;\"><strong>Mainardi Car Service<\/strong> in caso la vostra autovettura sia stata coinvolta in un sinistro o debba essere sottoposta a <\/span><\/span><\/span><span style=\"color: #000000;\"><span style=\"font-family: Arial, sans-serif;\"><span style=\"font-size: medium;\"><strong>interventi di manutenzione <\/strong><\/span><\/span><\/span><span style=\"color: #000000;\"><span style=\"font-family: Arial, sans-serif;\"><span style=\"font-size: medium;\">e riparazione presso la nostra autofficina, vi fornir\u00e0 senza costi aggiuntivi un&#8217;<\/span><\/span><\/span><span style=\"color: #000000;\"><span style=\"font-family: Arial, sans-serif;\"><span style=\"font-size: medium;\"><strong>auto sostitutiva di cortesia <\/strong><\/span><\/span><\/span><span style=\"color: #000000;\"><span style=\"font-family: Arial, sans-serif;\"><span style=\"font-size: medium;\">per permettervi di spostarvi.<\/span><\/span><\/span><\/p>\n<p><span style=\"color: #000000;\"><span style=\"font-family: Arial, sans-serif;\"><span style=\"font-size: medium;\">Le nostre <\/span><\/span><\/span><span style=\"color: #000000;\"><span style=\"font-family: Arial, sans-serif;\"><span style=\"font-size: medium;\"><strong>auto di cortesia<\/strong><\/span><\/span><\/span><span style=\"color: #000000;\"><span style=\"font-family: Arial, sans-serif;\"><span style=\"font-size: medium;\">\u00a0<\/span><\/span><\/span><span style=\"color: #000000;\"><span style=\"font-family: Arial, sans-serif;\"><span style=\"font-size: medium;\">sostituiranno la vostra in riparazione in modo da fronteggiare ogni emergenza o impegno.<\/span><\/span><\/span>[\/featured_item][featured_item]<span style=\"color: #000000;\"><span style=\"font-family: Arial, sans-serif;\"><span style=\"font-size: medium;\"><strong><img loading=\"lazy\" decoding=\"async\" class=\"alignnone size-medium wp-image-1422\" src=\"https:\/\/mainardicarservice.com\/wp-content\/uploads\/2015\/05\/amministrazione-300x202.png\" alt=\"amministrazione\" width=\"300\" height=\"202\" srcset=\"https:\/\/mainardicarservice.com\/wp-content\/uploads\/2015\/05\/amministrazione-300x202.png 300w, https:\/\/mainardicarservice.com\/wp-content\/uploads\/2015\/05\/amministrazione.png 346w\" sizes=\"auto, (max-width: 300px) 100vw, 300px\" \/><img loading=\"lazy\" decoding=\"async\" class=\"alignnone size-medium wp-image-1423\" src=\"https:\/\/mainardicarservice.com\/wp-content\/uploads\/2015\/05\/Denise-300x206.png\" alt=\"denise\" width=\"300\" height=\"206\" srcset=\"https:\/\/mainardicarservice.com\/wp-content\/uploads\/2015\/05\/Denise-300x206.png 300w, https:\/\/mainardicarservice.com\/wp-content\/uploads\/2015\/05\/Denise-768x527.png 768w, https:\/\/mainardicarservice.com\/wp-content\/uploads\/2015\/05\/Denise-1024x703.png 1024w, https:\/\/mainardicarservice.com\/wp-content\/uploads\/2015\/05\/Denise.png 1088w\" sizes=\"auto, (max-width: 300px) 100vw, 300px\" \/><img loading=\"lazy\" decoding=\"async\" class=\"alignnone size-medium wp-image-1425\" src=\"https:\/\/mainardicarservice.com\/wp-content\/uploads\/2015\/05\/Cris-Denis-300x200.jpg\" alt=\"cris-denis\" width=\"300\" height=\"200\" srcset=\"https:\/\/mainardicarservice.com\/wp-content\/uploads\/2015\/05\/Cris-Denis-300x200.jpg 300w, https:\/\/mainardicarservice.com\/wp-content\/uploads\/2015\/05\/Cris-Denis-768x512.jpg 768w, https:\/\/mainardicarservice.com\/wp-content\/uploads\/2015\/05\/Cris-Denis-1024x683.jpg 1024w, https:\/\/mainardicarservice.com\/wp-content\/uploads\/2015\/05\/Cris-Denis-870x580.jpg 870w, https:\/\/mainardicarservice.com\/wp-content\/uploads\/2015\/05\/Cris-Denis-570x380.jpg 570w, https:\/\/mainardicarservice.com\/wp-content\/uploads\/2015\/05\/Cris-Denis-480x320.jpg 480w, https:\/\/mainardicarservice.com\/wp-content\/uploads\/2015\/05\/Cris-Denis-390x260.jpg 390w, https:\/\/mainardicarservice.com\/wp-content\/uploads\/2015\/05\/Cris-Denis-270x180.jpg 270w, https:\/\/mainardicarservice.com\/wp-content\/uploads\/2015\/05\/Cris-Denis.jpg 1387w\" sizes=\"auto, (max-width: 300px) 100vw, 300px\" \/><\/strong><\/span><\/span><\/span><\/p>\n<div id=\"txtel_3\" class=\"article_body\">\n<p>&nbsp;<\/p>\n<p><span style=\"color: #000000;\"><strong><span style=\"font-family: 'Liberation Serif', serif;\"><span style=\"font-size: large;\"><b>Mainardi Car Service<\/b><\/span><\/span><\/strong><span style=\"font-family: 'Liberation Serif', serif;\"><span style=\"font-size: large;\">, tramite sistema computerizzato, segue con la massima attenzione il cliente.<\/span><\/span><\/span><\/p>\n<p><span style=\"color: #000000;\"><strong><span style=\"font-family: 'Liberation Serif', serif;\"><span style=\"font-size: large;\"><b>Gestione pratiche, preventivi e assistenza <\/b><\/span><\/span><\/strong><span style=\"font-family: 'Liberation Serif', serif;\"><span style=\"font-size: large;\">in caso di sinistri rispondendo in modo completo e veloce alle problematiche e alle esigenze del cliente con interventi sempre mirati e affidabili per la liquidazione del danno da parte di qualsiasi compagnia assicurativa italiana.<\/span><\/span><\/span><\/p>\n<p>&nbsp;<\/p>\n<\/div>\n<p>[\/featured_item][\/vc_column_inner][\/vc_row_inner][vc_custom_heading text=&#8221;I Nostri Partners&#8221; font_container=&#8221;tag:h2|text_align:center|color:%231e73be&#8221;][\/vc_column][\/vc_row][vc_row type=&#8221;full-width&#8221; top_margin=&#8221;page-margin-top-section&#8221; el_class=&#8221;padding-bottom-50 top-border&#8221;][vc_column width=&#8221;1\/4&#8243;][\/vc_column][vc_column width=&#8221;1\/4&#8243;][vc_single_image image=&#8221;1497&#8243; alignment=&#8221;center&#8221;][\/vc_column][vc_column width=&#8221;1\/4&#8243;][vc_single_image image=&#8221;1498&#8243;][\/vc_column][vc_column width=&#8221;1\/4&#8243;][\/vc_column][\/vc_row]<\/p>\n","protected":false},"excerpt":{"rendered":"<p>[vc_row type=&#8221;full-width&#8221;][vc_column][rev_slider_vc alias=&#8221;main&#8221;][vc_column_text]testo trasparente[\/vc_column_text][\/vc_column][\/vc_row][vc_row type=&#8221;full-width&#8221; css=&#8221;.vc_custom_1439892689981{background-color: #f5f5f5 !important;}&#8221;][vc_column][vc_single_image image=&#8221;1569&#8243; img_size=&#8221;1000X100&#8243; alignment=&#8221;center&#8221;][\/vc_column][\/vc_row][vc_row top_margin=&#8221;page-margin-top-section&#8221;][vc_column][box_header title=&#8221;CAR SERVICE&#8221; type=&#8221;h2&#8243; bottom_border=&#8221;1&#8243;][\/vc_column][\/vc_row][vc_row type=&#8221;full-width&#8221; top_margin=&#8221;page-margin-top-section&#8221;][vc_column][vc_gallery type=&#8221;image_grid&#8221; images=&#8221;1276,1403,1405,1290&#8243; img_size=&#8221;600&#215;250&#8243; onclick=&#8221;&#8221;][\/vc_column][\/vc_row][vc_row top_margin=&#8221;page-margin-top-section&#8221;][vc_column][vc_column_text]riga bianca[\/vc_column_text][vc_column_text] DOVE SIAMO (MAPPA DI GOOGLE) [\/vc_column_text][vc_column_text][\/vc_column_text][vc_row_inner top_margin=&#8221;page-margin-top-section&#8221;][vc_column_inner css=&#8221;.vc_custom_1474566313946{background-color: #dddddd !important;}&#8221;][featured_item] Mainardi Car Service garantisce riparazioni e interventi di assoluta qualit\u00e0 e tempestivit\u00e0, oltre a fornire servizi che coprono tutte le esigenze<\/p>\n","protected":false},"author":1,"featured_media":0,"parent":0,"menu_order":0,"comment_status":"open","ping_status":"open","template":"template-default-without-breadcrumbs.php","meta":{"footnotes":""},"class_list":["post-1125","page","type-page","status-publish","hentry"],"_links":{"self":[{"href":"https:\/\/mainardicarservice.com\/index.php\/wp-json\/wp\/v2\/pages\/1125","targetHints":{"allow":["GET"]}}],"collection":[{"href":"https:\/\/mainardicarservice.com\/index.php\/wp-json\/wp\/v2\/pages"}],"about":[{"href":"https:\/\/mainardicarservice.com\/index.php\/wp-json\/wp\/v2\/types\/page"}],"author":[{"embeddable":true,"href":"https:\/\/mainardicarservice.com\/index.php\/wp-json\/wp\/v2\/users\/1"}],"replies":[{"embeddable":true,"href":"https:\/\/mainardicarservice.com\/index.php\/wp-json\/wp\/v2\/comments?post=1125"}],"version-history":[{"count":146,"href":"https:\/\/mainardicarservice.com\/index.php\/wp-json\/wp\/v2\/pages\/1125\/revisions"}],"predecessor-version":[{"id":1570,"href":"https:\/\/mainardicarservice.com\/index.php\/wp-json\/wp\/v2\/pages\/1125\/revisions\/1570"}],"wp:attachment":[{"href":"https:\/\/mainardicarservice.com\/index.php\/wp-json\/wp\/v2\/media?parent=1125"}],"curies":[{"name":"wp","href":"https:\/\/api.w.org\/{rel}","templated":true}]}}